{"id":1781,"date":"2020-12-08T20:08:49","date_gmt":"2020-12-08T18:08:49","guid":{"rendered":"https:\/\/www.practeh.tuiasi.ro\/?page_id=1781"},"modified":"2021-01-20T18:58:04","modified_gmt":"2021-01-20T16:58:04","slug":"prima-pagina","status":"publish","type":"page","link":"https:\/\/www.practeh.tuiasi.ro\/","title":{"rendered":"Prima pagin\u0103"},"content":{"rendered":"<section class=\"l-section wpb_row height_medium with_img with_overlay\"><div class=\"l-section-img\" style=\"background-image: url(https:\/\/www.practeh.tuiasi.ro\/wp-content\/uploads\/2020\/11\/studenti-1.png);\" data-img-width=\"1920\" data-img-height=\"1280\"><\/div><div class=\"l-section-overlay\" style=\"background: linear-gradient(135deg,rgba(0,51,191,0.90),rgba(87,213,255,0.90))\"><\/div><div class=\"l-section-h i-cf\"><div class=\"g-cols vc_row type_default valign_top\"><div class=\"vc_col-sm-12 wpb_column vc_column_container\"><div class=\"vc_column-inner\"><div class=\"wpb_wrapper\"><div class=\"w-separator size_large\"><\/div><div class=\"w-text us_custom_53a48874 has_text_color\"><span class=\"w-text-h\"><span class=\"w-text-value\">Inser\u021bia absolven\u021bilor, prin stagii de preg\u0103tire practic\u0103 moderne \u0219i eficiente, din cadrul Universit\u0103\u021bii Tehnice \u201eGheorghe Asachi&#8221; din Ia\u0219i, pe pia\u021ba muncii<\/span><\/span><\/div><div class=\"w-separator size_large\"><\/div><\/div><\/div><\/div><\/div><\/div><\/section><section class=\"l-section wpb_row us_custom_15ad39e0 height_medium\"><div class=\"l-section-h i-cf\"><div class=\"g-cols vc_row type_default valign_top\"><div class=\"vc_col-sm-12 wpb_column vc_column_container\"><div class=\"vc_column-inner\"><div class=\"wpb_wrapper\"><div class=\"w-grid type_grid layout_blog_10 cols_3 overflow_hidden\" id=\"us_grid_1\" data-filterable=\"true\"><style id=\"us_grid_1_css\">#us_grid_1 .w-grid-item{padding:1.5rem}#us_grid_1 .w-grid-list{margin:-1.5rem -1.5rem 1.5rem}.w-grid + #us_grid_1 .w-grid-list{margin-top:1.5rem}@media (max-width:899px){#us_grid_1 .w-grid-item{width:50.0000%}}@media (max-width:599px){#us_grid_1 .w-grid-list{margin:0}#us_grid_1 .w-grid-item{width:100.0000%;padding:0;margin-bottom:1.5rem}}<\/style><style>.layout_blog_10 .w-grid-item-h{background:#333;border-radius:0.3rem;z-index:3;box-shadow:0 0.03rem 0.06rem rgba(0,0,0,0.1),0 0.10rem 0.30rem rgba(0,0,0,0.1);transition-duration:0.3s}.no-touch .layout_blog_10 .w-grid-item-h:hover{box-shadow:0 0.12rem 0.24rem rgba(0,0,0,0.1),0 0.40rem 1.20rem rgba(0,0,0,0.15);z-index:4}.layout_blog_10 .usg_vwrapper_1{position:absolute!important;right:0!important;bottom:0!important;left:0!important;background:linear-gradient(transparent,rgba(30,30,30,0.8))!important;padding:15% 7% 7% 7%!important}.layout_blog_10 .usg_post_taxonomy_1{font-size:10px!important;font-weight:700!important;text-transform:uppercase!important;margin-bottom:0.5rem!important}.layout_blog_10 .usg_post_title_1{color:#fff!important;font-size:1.4rem!important;font-weight:700!important}@media (max-width:599px){.layout_blog_10 .usg_post_title_1{font-size:1.2rem!important}}<\/style><div class=\"w-grid-list\" >\t<article class=\"w-grid-item size_1x1 post-3981 post type-post status-publish format-standard has-post-thumbnail hentry category-noutati\" data-id=\"3981\">\r\n\t\t<div class=\"w-grid-item-h\">\r\n\t\t\t\t\t\t<div class=\"w-post-elm post_image usg_post_image_1 stretched\"><a href=\"https:\/\/www.practeh.tuiasi.ro\/?p=3981\" aria-label=\"Eveniment de diseminare a rezultatelor pentru proiectul PRACTEH\"><img width=\"1414\" height=\"942\" src=\"https:\/\/www.practeh.tuiasi.ro\/wp-content\/uploads\/2025\/03\/Diseminare-PRACTEH-min.jpg\" class=\"attachment-us_600_600_crop size-us_600_600_crop wp-post-image\" alt=\"\" loading=\"lazy\" srcset=\"https:\/\/www.practeh.tuiasi.ro\/wp-content\/uploads\/2025\/03\/Diseminare-PRACTEH-min.jpg 1414w, https:\/\/www.practeh.tuiasi.ro\/wp-content\/uploads\/2025\/03\/Diseminare-PRACTEH-min-300x200.jpg 300w, https:\/\/www.practeh.tuiasi.ro\/wp-content\/uploads\/2025\/03\/Diseminare-PRACTEH-min-1024x682.jpg 1024w\" sizes=\"(max-width: 1414px) 100vw, 1414px\" \/><\/a><\/div><div class=\"w-vwrapper usg_vwrapper_1 align_left valign_top\"><div class=\"w-post-elm post_taxonomy usg_post_taxonomy_1 style_badge color_link_inherit\"><a class=\"w-btn us-btn-style_badge\" href=\"https:\/\/www.practeh.tuiasi.ro\/?cat=1\"><span class=\"w-btn-label\">Nout\u0103\u021bi<\/span><\/a><\/div><h2 class=\"w-post-elm post_title usg_post_title_1 entry-title color_link_inherit has_text_color\"><a href=\"https:\/\/www.practeh.tuiasi.ro\/?p=3981\">Eveniment de diseminare a rezultatelor pentru proiectul PRACTEH<\/a><\/h2><\/div>\t\t<\/div>\r\n\t<\/article>\r\n\t<article class=\"w-grid-item size_1x1 post-3298 post type-post status-publish format-standard has-post-thumbnail hentry category-noutati\" data-id=\"3298\">\r\n\t\t<div class=\"w-grid-item-h\">\r\n\t\t\t\t\t\t<div class=\"w-post-elm post_image usg_post_image_1 stretched\"><a href=\"https:\/\/www.practeh.tuiasi.ro\/?p=3298\" aria-label=\"Comunicat de pres\u0103 privind finalizarea proiectului PRACTEH \u2013 POCU\/626\/6\/13\/131181\"><img width=\"1565\" height=\"1043\" src=\"https:\/\/www.practeh.tuiasi.ro\/wp-content\/uploads\/2022\/09\/Practeh-4-min.jpg\" class=\"attachment-us_600_600_crop size-us_600_600_crop wp-post-image\" alt=\"\" loading=\"lazy\" srcset=\"https:\/\/www.practeh.tuiasi.ro\/wp-content\/uploads\/2022\/09\/Practeh-4-min.jpg 1565w, https:\/\/www.practeh.tuiasi.ro\/wp-content\/uploads\/2022\/09\/Practeh-4-min-300x200.jpg 300w, https:\/\/www.practeh.tuiasi.ro\/wp-content\/uploads\/2022\/09\/Practeh-4-min-1024x682.jpg 1024w\" sizes=\"(max-width: 1565px) 100vw, 1565px\" \/><\/a><\/div><div class=\"w-vwrapper usg_vwrapper_1 align_left valign_top\"><div class=\"w-post-elm post_taxonomy usg_post_taxonomy_1 style_badge color_link_inherit\"><a class=\"w-btn us-btn-style_badge\" href=\"https:\/\/www.practeh.tuiasi.ro\/?cat=1\"><span class=\"w-btn-label\">Nout\u0103\u021bi<\/span><\/a><\/div><h2 class=\"w-post-elm post_title usg_post_title_1 entry-title color_link_inherit has_text_color\"><a href=\"https:\/\/www.practeh.tuiasi.ro\/?p=3298\">Comunicat de pres\u0103 privind finalizarea proiectului PRACTEH \u2013 POCU\/626\/6\/13\/131181<\/a><\/h2><\/div>\t\t<\/div>\r\n\t<\/article>\r\n\t<article class=\"w-grid-item size_1x1 post-3925 post type-post status-publish format-standard has-post-thumbnail hentry category-noutati category-prezentari-companii\" data-id=\"3925\">\r\n\t\t<div class=\"w-grid-item-h\">\r\n\t\t\t\t\t\t<div class=\"w-post-elm post_image usg_post_image_1 stretched\"><a href=\"https:\/\/www.practeh.tuiasi.ro\/?p=3925\" aria-label=\"HABITARIA | ARIA-ARHITECTURA | Birou Individual de Arhitectur\u0103 R\u0103zvan-Nicolae Ivanciu\"><img width=\"1920\" height=\"1280\" src=\"https:\/\/www.practeh.tuiasi.ro\/wp-content\/uploads\/2022\/11\/04-min.jpg\" class=\"attachment-us_600_600_crop size-us_600_600_crop wp-post-image\" alt=\"\" loading=\"lazy\" srcset=\"https:\/\/www.practeh.tuiasi.ro\/wp-content\/uploads\/2022\/11\/04-min.jpg 1920w, https:\/\/www.practeh.tuiasi.ro\/wp-content\/uploads\/2022\/11\/04-min-300x200.jpg 300w, https:\/\/www.practeh.tuiasi.ro\/wp-content\/uploads\/2022\/11\/04-min-1024x683.jpg 1024w\" sizes=\"(max-width: 1920px) 100vw, 1920px\" \/><\/a><\/div><div class=\"w-vwrapper usg_vwrapper_1 align_left valign_top\"><div class=\"w-post-elm post_taxonomy usg_post_taxonomy_1 style_badge color_link_inherit\"><div class=\"w-post-elm-list\"><a class=\"w-btn us-btn-style_badge\" href=\"https:\/\/www.practeh.tuiasi.ro\/?cat=1\"><span class=\"w-btn-label\">Nout\u0103\u021bi<\/span><\/a><a class=\"w-btn us-btn-style_badge\" href=\"https:\/\/www.practeh.tuiasi.ro\/?cat=20\"><span class=\"w-btn-label\">Prezent\u0103ri companii<\/span><\/a><\/div><\/div><h2 class=\"w-post-elm post_title usg_post_title_1 entry-title color_link_inherit has_text_color\"><a href=\"https:\/\/www.practeh.tuiasi.ro\/?p=3925\">HABITARIA | ARIA-ARHITECTURA | Birou Individual de Arhitectur\u0103 R\u0103zvan-Nicolae Ivanciu<\/a><\/h2><\/div>\t\t<\/div>\r\n\t<\/article>\r\n<\/div><div class=\"w-grid-preloader\"><div class=\"g-preloader type_1\">\r\n\t<div><\/div>\r\n<\/div>\r\n<\/div>\t\t<div class=\"g-loadmore \">\r\n\t\t\t<div class=\"g-preloader type_1\">\r\n\t\t\t\t<div><\/div>\r\n\t\t\t<\/div>\r\n\t\t\t<a class=\"w-btn us-btn-style_1\" href=\"javascript:void(0)\">\r\n\t\t\t\t<span class=\"w-btn-label\">Vezi mai multe<\/span>\r\n\t\t\t<\/a>\r\n\t\t<\/div>\r\n\t\t\t<div class=\"w-grid-json hidden\" onclick='return {&quot;action&quot;:&quot;us_ajax_grid&quot;,&quot;ajax_url&quot;:&quot;https:\\\/\\\/www.practeh.tuiasi.ro\\\/wp-admin\\\/admin-ajax.php&quot;,&quot;infinite_scroll&quot;:0,&quot;max_num_pages&quot;:14,&quot;pagination&quot;:&quot;ajax&quot;,&quot;permalink_url&quot;:&quot;https:\\\/\\\/www.practeh.tuiasi.ro&quot;,&quot;template_vars&quot;:{&quot;columns&quot;:&quot;3&quot;,&quot;exclude_items&quot;:&quot;none&quot;,&quot;img_size&quot;:&quot;default&quot;,&quot;ignore_items_size&quot;:false,&quot;items_layout&quot;:&quot;blog_10&quot;,&quot;items_offset&quot;:&quot;1&quot;,&quot;load_animation&quot;:&quot;none&quot;,&quot;overriding_link&quot;:&quot;none&quot;,&quot;post_id&quot;:1781,&quot;query_args&quot;:{&quot;post_type&quot;:[&quot;post&quot;],&quot;tax_query&quot;:[{&quot;taxonomy&quot;:&quot;category&quot;,&quot;field&quot;:&quot;slug&quot;,&quot;terms&quot;:[&quot;noutati&quot;]}],&quot;post_status&quot;:[&quot;publish&quot;],&quot;posts_per_page&quot;:&quot;3&quot;},&quot;orderby_query_args&quot;:{&quot;orderby&quot;:{&quot;date&quot;:&quot;DESC&quot;}},&quot;type&quot;:&quot;grid&quot;,&quot;us_grid_ajax_index&quot;:1,&quot;us_grid_filter_params&quot;:null,&quot;us_grid_index&quot;:1,&quot;_us_grid_post_type&quot;:&quot;post&quot;}}'><\/div>\r\n\t<\/div><\/div><\/div><\/div><\/div><\/div><\/section>\n","protected":false},"excerpt":{"rendered":"Din 2009, \u00eencerc\u0103m s\u0103 scriem o poveste, s\u0103 construim parteneriate, s\u0103 oferim viziune, s\u0103 g\u0103sim solutii de arhitectur\u0103 si dorim s\u0103 oferim clientilor, comunit\u0103tii \u0219i ora\u0219ului un plus de valoare. Avem 13 ani de experient\u0103; avem 13 ani de studii, concepte, proiecte, \u0219antiere \u0219i lupte de gheril\u0103 cu probleme de pe \u0219antier, birocra\u021bie \u0219i inconveniente...","protected":false},"author":17,"featured_media":0,"parent":0,"menu_order":0,"comment_status":"closed","ping_status":"closed","template":"","meta":[],"_links":{"self":[{"href":"https:\/\/www.practeh.tuiasi.ro\/index.php?rest_route=\/wp\/v2\/pages\/1781"}],"collection":[{"href":"https:\/\/www.practeh.tuiasi.ro\/index.php?rest_route=\/wp\/v2\/pages"}],"about":[{"href":"https:\/\/www.practeh.tuiasi.ro\/index.php?rest_route=\/wp\/v2\/types\/page"}],"author":[{"embeddable":true,"href":"https:\/\/www.practeh.tuiasi.ro\/index.php?rest_route=\/wp\/v2\/users\/17"}],"replies":[{"embeddable":true,"href":"https:\/\/www.practeh.tuiasi.ro\/index.php?rest_route=%2Fwp%2Fv2%2Fcomments&post=1781"}],"version-history":[{"count":19,"href":"https:\/\/www.practeh.tuiasi.ro\/index.php?rest_route=\/wp\/v2\/pages\/1781\/revisions"}],"predecessor-version":[{"id":2117,"href":"https:\/\/www.practeh.tuiasi.ro\/index.php?rest_route=\/wp\/v2\/pages\/1781\/revisions\/2117"}],"wp:attachment":[{"href":"https:\/\/www.practeh.tuiasi.ro\/index.php?rest_route=%2Fwp%2Fv2%2Fmedia&parent=1781"}],"curies":[{"name":"wp","href":"https:\/\/api.w.org\/{rel}","templated":true}]}}