{"id":1886,"date":"2020-12-08T21:24:16","date_gmt":"2020-12-08T19:24:16","guid":{"rendered":"https:\/\/www.practeh.tuiasi.ro\/?page_id=1886"},"modified":"2022-03-20T14:32:18","modified_gmt":"2022-03-20T12:32:18","slug":"prezentari-de-companii","status":"publish","type":"page","link":"https:\/\/www.practeh.tuiasi.ro\/?page_id=1886","title":{"rendered":"Stagii de practic\u0103"},"content":{"rendered":"<section class=\"l-section wpb_row height_medium with_img with_overlay\"><div class=\"l-section-img\" style=\"background-image: url(https:\/\/www.practeh.tuiasi.ro\/wp-content\/uploads\/2020\/11\/studenti-1.png);\" data-img-width=\"1920\" data-img-height=\"1280\"><\/div><div class=\"l-section-overlay\" style=\"background: linear-gradient(135deg,rgba(0,51,191,0.90),rgba(87,213,255,0.90))\"><\/div><div class=\"l-section-h i-cf\"><div class=\"g-cols vc_row type_default valign_top\"><div class=\"vc_col-sm-12 wpb_column vc_column_container\"><div class=\"vc_column-inner\"><div class=\"wpb_wrapper\"><div class=\"w-separator size_large\"><\/div><div class=\"w-text us_custom_e1b1c97a has_text_color\"><span class=\"w-text-h\"><span class=\"w-text-value\">Stagii de practic\u0103<\/span><\/span><\/div><div class=\"w-separator size_large\"><\/div><\/div><\/div><\/div><\/div><\/div><\/section><section class=\"l-section wpb_row height_huge\"><div class=\"l-section-h i-cf\"><div class=\"g-cols vc_row type_default valign_middle\"><div class=\"vc_col-sm-12 wpb_column vc_column_container\"><div class=\"vc_column-inner\"><div class=\"wpb_wrapper\"><div class=\"w-grid type_grid layout_blog_1 cols_2\" id=\"us_grid_1\" data-filterable=\"true\"><style id=\"us_grid_1_css\">#us_grid_1 .w-grid-item{padding:1.5rem}#us_grid_1 .w-grid-list{margin:-1.5rem}.w-grid + #us_grid_1 .w-grid-list{margin-top:1.5rem}@media (max-width:599px){#us_grid_1 .w-grid-list{margin:0}#us_grid_1 .w-grid-item{width:100.0000%;padding:0;margin-bottom:1.5rem}}<\/style><style>.layout_blog_1 .w-grid-item-h{}.layout_blog_1 .usg_post_image_1{margin-bottom:0.5rem!important}.layout_blog_1 .usg_post_title_1{font-size:1rem!important}<\/style><div class=\"w-grid-list\" >\t<article class=\"w-grid-item size_1x1 post-3354 post type-post status-publish format-standard has-post-thumbnail hentry category-locuri-de-munca category-noutati category-stagii-de-practica\" data-id=\"3354\">\r\n\t\t<div class=\"w-grid-item-h\">\r\n\t\t\t\t\t\t<div class=\"w-post-elm post_image usg_post_image_1 stretched\"><a href=\"https:\/\/www.practeh.tuiasi.ro\/?p=3354\" aria-label=\"Grenzebach Romania: programe de internship pentru studen\u021bi \u0219i locuri de munc\u0103\"><img width=\"1989\" height=\"1326\" src=\"https:\/\/www.practeh.tuiasi.ro\/wp-content\/uploads\/2022\/11\/Grenzebach-1-min.jpg\" class=\"attachment-us_600_600_crop size-us_600_600_crop wp-post-image\" alt=\"\" loading=\"lazy\" srcset=\"https:\/\/www.practeh.tuiasi.ro\/wp-content\/uploads\/2022\/11\/Grenzebach-1-min.jpg 1989w, https:\/\/www.practeh.tuiasi.ro\/wp-content\/uploads\/2022\/11\/Grenzebach-1-min-300x200.jpg 300w, https:\/\/www.practeh.tuiasi.ro\/wp-content\/uploads\/2022\/11\/Grenzebach-1-min-1024x683.jpg 1024w\" sizes=\"(max-width: 1989px) 100vw, 1989px\" \/><\/a><\/div><h2 class=\"w-post-elm post_title usg_post_title_1 entry-title color_link_inherit\"><a href=\"https:\/\/www.practeh.tuiasi.ro\/?p=3354\">Grenzebach Romania: programe de internship pentru studen\u021bi \u0219i locuri de munc\u0103<\/a><\/h2>\t\t<\/div>\r\n\t<\/article>\r\n\t<article class=\"w-grid-item size_1x1 post-3226 post type-post status-publish format-standard has-post-thumbnail hentry category-noutati category-stagii-de-practica\" data-id=\"3226\">\r\n\t\t<div class=\"w-grid-item-h\">\r\n\t\t\t\t\t\t<div class=\"w-post-elm post_image usg_post_image_1 stretched\"><a href=\"https:\/\/www.practeh.tuiasi.ro\/?p=3226\" aria-label=\"Continental Automotive a lansat \u00eenscrierile pentru o nou\u0103 edi\u021bie a Summer Practice \u00een Ia\u0219i\"><img width=\"814\" height=\"542\" src=\"https:\/\/www.practeh.tuiasi.ro\/wp-content\/uploads\/2022\/03\/03-min.jpg\" class=\"attachment-us_600_600_crop size-us_600_600_crop wp-post-image\" alt=\"\" loading=\"lazy\" srcset=\"https:\/\/www.practeh.tuiasi.ro\/wp-content\/uploads\/2022\/03\/03-min.jpg 814w, https:\/\/www.practeh.tuiasi.ro\/wp-content\/uploads\/2022\/03\/03-min-300x200.jpg 300w\" sizes=\"(max-width: 814px) 100vw, 814px\" \/><\/a><\/div><h2 class=\"w-post-elm post_title usg_post_title_1 entry-title color_link_inherit\"><a href=\"https:\/\/www.practeh.tuiasi.ro\/?p=3226\">Continental Automotive a lansat \u00eenscrierile pentru o nou\u0103 edi\u021bie a Summer Practice \u00een Ia\u0219i<\/a><\/h2>\t\t<\/div>\r\n\t<\/article>\r\n<\/div><div class=\"w-grid-preloader\"><div class=\"g-preloader type_1\">\r\n\t<div><\/div>\r\n<\/div>\r\n<\/div>\t<div class=\"w-grid-json hidden\" onclick='return {&quot;action&quot;:&quot;us_ajax_grid&quot;,&quot;ajax_url&quot;:&quot;https:\\\/\\\/www.practeh.tuiasi.ro\\\/wp-admin\\\/admin-ajax.php&quot;,&quot;infinite_scroll&quot;:0,&quot;max_num_pages&quot;:1,&quot;pagination&quot;:&quot;none&quot;,&quot;permalink_url&quot;:&quot;https:\\\/\\\/www.practeh.tuiasi.ro&quot;,&quot;template_vars&quot;:{&quot;columns&quot;:&quot;2&quot;,&quot;exclude_items&quot;:&quot;none&quot;,&quot;img_size&quot;:&quot;default&quot;,&quot;ignore_items_size&quot;:false,&quot;items_layout&quot;:&quot;blog_1&quot;,&quot;items_offset&quot;:&quot;1&quot;,&quot;load_animation&quot;:&quot;none&quot;,&quot;overriding_link&quot;:&quot;none&quot;,&quot;post_id&quot;:1886,&quot;query_args&quot;:{&quot;post_type&quot;:[&quot;post&quot;],&quot;tax_query&quot;:[{&quot;taxonomy&quot;:&quot;category&quot;,&quot;field&quot;:&quot;slug&quot;,&quot;terms&quot;:[&quot;stagii-de-practica&quot;]}],&quot;post_status&quot;:[&quot;publish&quot;],&quot;posts_per_page&quot;:&quot;10&quot;},&quot;orderby_query_args&quot;:{&quot;orderby&quot;:{&quot;date&quot;:&quot;DESC&quot;}},&quot;type&quot;:&quot;grid&quot;,&quot;us_grid_ajax_index&quot;:1,&quot;us_grid_filter_params&quot;:null,&quot;us_grid_index&quot;:1,&quot;_us_grid_post_type&quot;:&quot;post&quot;}}'><\/div>\r\n\t<\/div><\/div><\/div><\/div><\/div><\/div><\/section>\n","protected":false},"excerpt":{"rendered":"Continental Automotive a lansat \u00eenscrierile pentru o nou\u0103 edi\u021bie a Summer Practice \u00een Ia\u0219i Continental Automotive a lansat \u00eenscrierile pentru o nou\u0103 edi\u021bie a Summer Practice \u00een Ia\u0219i. Studiile presupun prea mult\u0103 teorie? Experimenteaz\u0103 la Continental partea practic\u0103! Dac\u0103 e\u0219ti student la o facultate cu profil tehnic, \u00eenscrie-te la Summer Practice \u0219i: vei lucra la...","protected":false},"author":17,"featured_media":2120,"parent":0,"menu_order":0,"comment_status":"closed","ping_status":"closed","template":"","meta":[],"_links":{"self":[{"href":"https:\/\/www.practeh.tuiasi.ro\/index.php?rest_route=\/wp\/v2\/pages\/1886"}],"collection":[{"href":"https:\/\/www.practeh.tuiasi.ro\/index.php?rest_route=\/wp\/v2\/pages"}],"about":[{"href":"https:\/\/www.practeh.tuiasi.ro\/index.php?rest_route=\/wp\/v2\/types\/page"}],"author":[{"embeddable":true,"href":"https:\/\/www.practeh.tuiasi.ro\/index.php?rest_route=\/wp\/v2\/users\/17"}],"replies":[{"embeddable":true,"href":"https:\/\/www.practeh.tuiasi.ro\/index.php?rest_route=%2Fwp%2Fv2%2Fcomments&post=1886"}],"version-history":[{"count":7,"href":"https:\/\/www.practeh.tuiasi.ro\/index.php?rest_route=\/wp\/v2\/pages\/1886\/revisions"}],"predecessor-version":[{"id":3247,"href":"https:\/\/www.practeh.tuiasi.ro\/index.php?rest_route=\/wp\/v2\/pages\/1886\/revisions\/3247"}],"wp:featuredmedia":[{"embeddable":true,"href":"https:\/\/www.practeh.tuiasi.ro\/index.php?rest_route=\/wp\/v2\/media\/2120"}],"wp:attachment":[{"href":"https:\/\/www.practeh.tuiasi.ro\/index.php?rest_route=%2Fwp%2Fv2%2Fmedia&parent=1886"}],"curies":[{"name":"wp","href":"https:\/\/api.w.org\/{rel}","templated":true}]}}