{"id":86,"date":"2020-10-17T10:29:00","date_gmt":"2020-10-17T10:29:00","guid":{"rendered":"https:\/\/www.practeh.tuiasi.ro\/?page_id=86"},"modified":"2021-04-19T19:48:22","modified_gmt":"2021-04-19T16:48:22","slug":"grup-tinta","status":"publish","type":"page","link":"https:\/\/www.practeh.tuiasi.ro\/?page_id=86","title":{"rendered":"Grup \u021bint\u0103"},"content":{"rendered":"<section class=\"l-section wpb_row height_medium with_img with_overlay\"><div class=\"l-section-img\" style=\"background-image: url(https:\/\/www.practeh.tuiasi.ro\/wp-content\/uploads\/2020\/11\/studenti-1.png);\" data-img-width=\"1920\" data-img-height=\"1280\"><\/div><div class=\"l-section-overlay\" style=\"background: linear-gradient(135deg,rgba(0,51,191,0.90),rgba(87,213,255,0.90))\"><\/div><div class=\"l-section-h i-cf\"><div class=\"g-cols vc_row type_default valign_top\"><div class=\"vc_col-sm-12 wpb_column vc_column_container\"><div class=\"vc_column-inner\"><div class=\"wpb_wrapper\"><div class=\"w-separator size_large\"><\/div><div class=\"w-text us_custom_e1b1c97a has_text_color\"><span class=\"w-text-h\"><span class=\"w-text-value\">Grup \u021bint\u0103<\/span><\/span><\/div><div class=\"w-separator size_large\"><\/div><\/div><\/div><\/div><\/div><\/div><\/section><section class=\"l-section wpb_row height_medium\"><div class=\"l-section-h i-cf\"><div class=\"g-cols vc_row type_default valign_top\"><div class=\"vc_col-sm-2 wpb_column vc_column_container\"><div class=\"vc_column-inner\"><div class=\"wpb_wrapper\"><\/div><\/div><\/div><div class=\"vc_col-sm-8 wpb_column vc_column_container\"><div class=\"vc_column-inner\"><div class=\"wpb_wrapper\"><div class=\"w-iconbox iconpos_top style_default color_primary align_center no_title no_text\"><div class=\"w-iconbox-icon\" style=\"font-size:120px;\"><i class=\"fas fa-users\"><\/i><\/div><div class=\"w-iconbox-meta\"><\/div><\/div><div class=\"w-separator size_medium\"><\/div><div class=\"wpb_text_column\" ><div class=\"wpb_wrapper\"><p>Grupul \u021bint\u0103 specific al proiectului este reprezentat de un num\u0103r de 330 studen\u021bi, de la Universitatea Tehnic\u0103 \u201eGheorghe Asachi\u201d din Ia\u0219i, \u00eenmatricula\u021bi la programul de licen\u021b\u0103, \u00een anii al III-lea \u0219i al IV-lea de studiu, de la urm\u0103toarele facult\u0103\u021bi:<\/p>\n<ol>\n<li>Facultatea de Automatic\u0103 \u0219i Calculatoare<\/li>\n<li>Facultatea de Inginerie Chimic\u0103 \u0219i Protec\u021bia Mediului \u201eCristofor Simionescu\u201d<\/li>\n<li>Facultatea de Construc\u021bii \u0219i Instala\u021bii<\/li>\n<li>Facultatea de Electronic\u0103, Telecomunica\u021bii \u0219i Tehnologia Informa\u021biei<\/li>\n<li>Facultatea de Inginerie Electric\u0103, Energetic\u0103 \u0219i Informatic\u0103 Aplicat\u0103<\/li>\n<li>Facultatea de Hidrotehnic\u0103, Geodezie \u0219i Ingineria Mediului<\/li>\n<li>Facultatea de Mecanic\u0103<\/li>\n<li>Facultatea de \u0218tiin\u021ba \u0219i Ingineria Materialelor respectiv \u00eenmatricula\u021bi \u00een anii al V-lea \u0219i al VI-lea de la<\/li>\n<li>Facultatea de Arhitectur\u0103 \u201eG.M. Cantacuzino\u201d<\/li>\n<\/ol>\n<p>\u200f\u200f\u200eDescrierea detaliat\u0103 a grupului \u021bint\u0103 care va fi implicat \u00een activit\u0103\u021bile proiectului este prezentat\u0103 \u00een tabelul urm\u0103tor:<\/p>\n<p><img src=\"https:\/\/www.practeh.tuiasi.ro\/wp-content\/uploads\/2020\/10\/3table.png\" \/><\/p>\n<p>Baza de selec\u021bie a celor 330 studen\u021bi, care vor beneficia consiliere, cursuri de formare de competen\u021be antreprenoriale \u0219i stagii de practic\u0103 \u00een cadrul proiectului, este foarte larg\u0103 \u0219i ca urmare selec\u021bia ce se va realiza prin concurs organizat la nivelul fiec\u0103rei facult\u0103\u021bi, \u00een mai multe etape p\u00e2n\u0103 la completarea locurilor, dup\u0103 prezenta metodologie de selec\u021bie.<\/p>\n<p>Se va urm\u0103ri ca:<\/p>\n<ul>\n<li>studen\u021bii selecta\u021bi s\u0103 fie cet\u0103\u021beni rom\u00e2ni cu domiciliul stabil \u00een Rom\u00e2nia, din regiuni mai pu\u021bin dezvoltate (mai pu\u021bin Bucure\u0219ti \u0219i Ilfov)<\/li>\n<li>studen\u021bii selecta\u021bi trebuie s\u0103 fi dovedit pe parcursul primilor ani de studiu interes pentru \u00eenv\u0103\u021bare \u00een general \u0219i pentru activit\u0103\u021bi inovative \u00een special;<\/li>\n<li>bursa student PracTEH s\u0103 se acorde studen\u021bilor, fiind condi\u021bionat\u0103 de participarea \u0219i finalizarea stagiilor de practic\u0103 asociate celor corespunz\u0103toare programului de studiu curent;<\/li>\n<li>sprijinul financiar primit de student pe perioada de implementare a proiectului s\u0103 contribuie la \u00eembun\u0103t\u0103\u021birea rezultatelor sale profesionale dovedite \u0219i prin frecventarea tuturor activit\u0103\u021bilor didactice aferente proiectului;<\/li>\n<li>studen\u021bii selecta\u021bi s\u0103-\u0219i doreasc\u0103 ei \u00een\u0219i\u0219i completarea propriei preg\u0103tiri prin continuarea colabor\u0103rii cu partenerii de practic\u0103;<br \/>\nstuden\u021bii selecta\u021bi s\u0103-\u0219i doreasc\u0103 a fi ei \u00een\u0219i\u0219i promotori ai unor stagii de practic\u0103 la partenerii industriali.<\/li>\n<\/ul>\n<p>Criterii de eligibilitate generale:<\/p>\n<ul>\n<li>s\u0103 fie cet\u0103\u021beni cu domiciliul \u00een Romania, din regiuni mai pu\u021bin dezvoltate;<\/li>\n<li>s\u0103 fie cet\u0103\u021beni moldoveni cu dubl\u0103 cet\u0103\u021benie \u0219i cu CNP emis de autorit\u0103\u021bile rom\u00e2ne \u0219i re\u0219edin\u021b\u0103 \u00een Rom\u00e2nia;<\/li>\n<li>s\u0103 fie student \u00eenmatriculat \u00een anul al III-lea sau al IV-lea, la una dintre facult\u0103\u021bile Universit\u0103\u021bii Tehnice \u201eGheorghe Asachi\u201d din Ia\u0219i, cu excep\u021bia Facult\u0103\u021bii de Arhitectur\u0103, caz \u00een care studen\u021bii trebuie s\u0103 fie \u00eenmatricula\u021bi \u00een anul al V-lea sau al VI-lea;<\/li>\n<li>studen\u021bii din\u00a0 anul al IV-lea, care fac parte din proiectul Antreprenoring, nu sunt eligibili pentru acest proiect \u0219i nu vor putea participa la selec\u021bie.<\/li>\n<\/ul>\n<\/div><\/div><div class=\"w-separator size_medium\"><\/div><div class=\"w-iconbox iconpos_top style_default color_primary align_center no_title no_text\"><div class=\"w-iconbox-icon\" style=\"font-size:120px;\"><i class=\"fas fa-books\"><\/i><\/div><div class=\"w-iconbox-meta\"><\/div><\/div><div class=\"w-separator size_medium\"><\/div><div class=\"wpb_text_column\" ><div class=\"wpb_wrapper\"><p>Pentru a putea participa la selec\u021bia \u00een grupul \u021bint\u0103, fiecare student va depune un dosar complet, av\u00e2nd urm\u0103torul con\u021binut:\\<\/p>\n<ul>\n<li>Cerere de \u00eenscriere (<a href=\"https:\/\/practeh.tuiasi.ro\/Dosar\/Cerere_de_inscriere_Anexa1.doc\">Anexa 1<\/a>)<\/li>\n<li>Declara\u021bie de disponibilitate privind participarea la activit\u0103\u021bile de implementare ale proiectului (<a href=\"https:\/\/practeh.tuiasi.ro\/Dosar\/Declaratie_de_disponibilitate_Anexa2.doc\">Anexa 2<\/a>);<\/li>\n<li>Declara\u021bie de consim\u021b\u0103m\u00e2nt privind prelucrarea datelor cu caracter personal (<a href=\"https:\/\/practeh.tuiasi.ro\/Dosar\/Declaratie_date_personale_Anexa3.doc\">Anexa 3<\/a>);<\/li>\n<li>Declara\u021bie de evitare a dublei finan\u021b\u0103ri (<a href=\"https:\/\/practeh.tuiasi.ro\/Dosar\/Declaratie_dubla_finantare_Anexa4.doc\">Anexa 4<\/a>);<\/li>\n<li>CV \u2013 model recomandat Europass\u00a0 (<a href=\"https:\/\/practeh.tuiasi.ro\/Dosar\/CV_Anexa5.doc\">Anexa 5<\/a>);<\/li>\n<li>Formular grup \u021bint\u0103 (<a href=\"https:\/\/practeh.tuiasi.ro\/Dosar\/Formular_grup_tinta_Anexa8.doc\">Anexa 8<\/a>);<\/li>\n<li>Declara\u021bia de neparticipare la cursuri acreditate ANC de antreprenoriat (<a href=\"https:\/\/www.practeh.tuiasi.ro\/wp-content\/uploads\/2020\/10\/Anexa-9-1.docx\">Anexa 9<\/a>);<\/li>\n<li>Copie carte de identitate;<\/li>\n<li><span class=\"has-inline-color has-vivid-red-color\">Copie certificat de na\u0219tere;<\/span><\/li>\n<li><span class=\"has-inline-color has-vivid-red-color\">Copie certificat de c\u0103s\u0103torie (dac\u0103 este cazul);<\/span><\/li>\n<li><span class=\"has-inline-color has-vivid-red-color\">Copie diplom\u0103 de bacalaureat;<\/span><\/li>\n<li>Adeverin\u021b\u0103 de la secretariatul facult\u0103\u021bii unde este \u020bnmatriculat studentul (va fi completat\u0103 de c\u0103tre expertul grup \u021bint\u0103 \u0219i angajabilitate pe facultate), \u00een care se vor preciza rezultatele \u0219colare (media num\u0103rului de credite &#8211; pentru anii de studiu premerg\u0103tori selec\u021biei).<\/li>\n<\/ul>\n<\/div><\/div><div class=\"w-separator size_medium\"><\/div><div class=\"w-btn-wrapper width_auto align_center\"><a class=\"w-btn us-btn-style_1 icon_atleft\" href=\"https:\/\/www.practeh.tuiasi.ro\/wp-content\/uploads\/2020\/10\/Formulare-inscriere-ver-2-1.doc\"><i class=\"fas fa-download\"><\/i><span class=\"w-btn-label\">Descarc\u0103 toate fi\u0219ierele<\/span><\/a><\/div><div class=\"w-separator size_medium\"><\/div><div class=\"wpb_text_column\" ><div class=\"wpb_wrapper\"><p><strong>Studen\u021bii din Republica Moldova cu dubl\u0103 cet\u0103\u021benie trebuie s\u0103 depun\u0103 urm\u0103toarele documente suplimentare la dosarul de \u00eenscriere:\u00a0<\/strong><\/p>\n<ul>\n<li>Copie pa\u0219aport sau alt act de identitate emis de statul rom\u00e2n;<\/li>\n<li>Copie dovad\u0103 re\u0219edin\u021b\u0103 \u00een Rom\u00e2nia.<\/li>\n<\/ul>\n<p>Pentru prima etap\u0103 a selec\u021biei, dosarele de candidatur\u0103 se depun \u00een format electronic \u0219i se \u00eenregistreaz\u0103, p\u00e2n\u0103 la data de 25 octombrie 2020, <a href=\"https:\/\/www.practeh.tuiasi.ro\/?page_id=92\" target=\"_blank\" rel=\"noopener noreferrer\">la expertul grup \u021bint\u0103, de la facultatea unde sunt \u00eenmatricula\u021bi studen\u021bii.<\/a><\/p>\n<p class=\"has-text-align-center\"><!-- \/wp:paragraph --><\/p>\n<p>Dosarul de candidatur\u0103, \u00een format fizic, va fi depus la o dat\u0103 ulterioar\u0103 \u00een luna martie 2021, conform calendarului universitar stabilit pentru semestrul al II-lea.<\/p>\n<p>Dup\u0103 finalizarea perioadei de depunere a dosarelor de candidatur\u0103, expertul grup \u021bint\u0103 studen\u021bi facultate va verifica dosarele sub urm\u0103toarele aspectele:<\/p>\n<ul>\n<li>eligibilitatea: condi\u021biile eliminatorii a candida\u021bilor;<\/li>\n<li>corectitudinii \u00eentocmirii dosarului (dac\u0103 con\u021bine toate documentele solicitate).<\/li>\n<\/ul>\n<p>\u00cen urma acestei verific\u0103ri se vor stabili dosarele care nu corespund cerin\u021belor, respectiv cele care corespund \u0219i care vor participa la procesul de selec\u021bie.<\/p>\n<p>Dosarele vor fi notate \u00eentr-o fi\u0219\u0103 de \u00eenregistrare a dosarelor de candidatur\u0103 pentru grupul \u021bint\u0103 studen\u021bi.<\/p>\n<p>Contesta\u021biile se vor face \u00een termen de 24 ore de la afi\u0219area rezultatelor \u0219i se vor solu\u021biona conform calendarului.<\/p>\n<p>Dosarele de candidatur\u0103 ale studen\u021bilor vor fi \u00eenaintate pe baza de borderou \u0219i vor fi p\u0103strate \u00een bibliorafturi dedicate proiectului, la sediul proiectului.<\/p>\n<\/div><\/div><div class=\"wpb_text_column\" ><div class=\"wpb_wrapper\"><p><strong>Procesul de selec\u021bie<\/strong><\/p>\n<p><img loading=\"lazy\" src=\"https:\/\/www.practeh.tuiasi.ro\/wp-content\/uploads\/2020\/11\/Grila-evalaure-1.jpg\" alt=\"\" width=\"650\" height=\"396\" \/><\/p>\n<p><strong>Selec\u021bia grupului \u021bint\u0103 ETAPA I<\/strong><\/p>\n<p>Etapele procesului de selec\u021bie:<\/p>\n<p><img loading=\"lazy\" width=\"793\" height=\"501\" class=\"wp-image-1595\" src=\"https:\/\/www.practeh.tuiasi.ro\/wp-content\/uploads\/2020\/11\/Calendar-1.jpg\" srcset=\"https:\/\/www.practeh.tuiasi.ro\/wp-content\/uploads\/2020\/11\/Calendar-1.jpg 793w, https:\/\/www.practeh.tuiasi.ro\/wp-content\/uploads\/2020\/11\/Calendar-1-300x190.jpg 300w, https:\/\/www.practeh.tuiasi.ro\/wp-content\/uploads\/2020\/11\/Calendar-1-768x485.jpg 768w\" sizes=\"(max-width: 793px) 100vw, 793px\" \/><\/p>\n<p><strong>Selec\u021bia grupului \u021bint\u0103 ETAPA a II-a<\/strong><\/p>\n<p>Etapele procesului de selec\u021bie:<\/p>\n<p><img loading=\"lazy\" width=\"792\" height=\"480\" class=\"wp-image-1586\" src=\"https:\/\/www.practeh.tuiasi.ro\/wp-content\/uploads\/2020\/11\/Calendar-5.jpg\" srcset=\"https:\/\/www.practeh.tuiasi.ro\/wp-content\/uploads\/2020\/11\/Calendar-5.jpg 792w, https:\/\/www.practeh.tuiasi.ro\/wp-content\/uploads\/2020\/11\/Calendar-5-300x182.jpg 300w, https:\/\/www.practeh.tuiasi.ro\/wp-content\/uploads\/2020\/11\/Calendar-5-768x465.jpg 768w\" sizes=\"(max-width: 792px) 100vw, 792px\" \/><\/p>\n<p><strong>Comisia de selec\u021bie<\/strong><\/p>\n<p>Selec\u021bia grupului \u021bint\u0103 se realizeaz\u0103 de o comisie de selec\u021bie a candidaturilor format\u0103 din\u00a0 managerul proiectului, responsabilul exper\u021bi GT \u0219i angajabilitate al proiectului \u0219i 1 expert grup \u021bint\u0103 \u0219i angajabilitate facultate. Comisia de selec\u021bie a grupului \u021bint\u0103 studen\u021bi analizeaz\u0103 dosarele de candidatur\u0103, acord\u0103 punctajele \u015fi ierarhizeaz\u0103 candida\u021bii \u00een ordinea descresc\u0103toare a punctajelor ob\u021binute. Rezultatele procesului de selec\u021bie al grupului \u021bint\u0103 sunt comunicate candida\u021bilor prin mijloacele de informare men\u021bionate anterior (pagina web a proiectului, email-uri etc.).<\/p>\n<p><strong>Comisia de contesta\u021bie<\/strong><\/p>\n<p>Eventualele contesta\u021bii se rezolv\u0103 de c\u0103tre o comisie de contesta\u021bii (format\u0103 din 2-3 membri din echipa de management a proiectului) \u00een termen de 24 de ore de la afi\u0219area rezultatelor.<\/p>\n<p>Orice modificare a componen\u021bei grupului \u021bint\u0103 va fi anun\u021bat\u0103 echipei de management a proiectului.<\/p>\n<p><strong>Studen\u021bi din grupul \u021bint\u0103 selecta\u021bi \u00een etapa I: 19-26 octombrie 2020<\/strong><\/p>\n<p><img class=\"aligncenter wp-image-1649 size-full\" src=\"https:\/\/www.practeh.tuiasi.ro\/wp-content\/uploads\/2020\/11\/Etapa-1.jpg\" alt=\"\" width=\"100%\" srcset=\"https:\/\/www.practeh.tuiasi.ro\/wp-content\/uploads\/2020\/11\/Etapa-1.jpg 1008w, https:\/\/www.practeh.tuiasi.ro\/wp-content\/uploads\/2020\/11\/Etapa-1-300x114.jpg 300w, https:\/\/www.practeh.tuiasi.ro\/wp-content\/uploads\/2020\/11\/Etapa-1-768x291.jpg 768w\" sizes=\"(max-width: 1008px) 100vw, 1008px\" \/><\/p>\n<p><strong>Locuri disponibile, pentru studen\u021bii din grupul \u021bint\u0103, \u00een etapa a II-a de selec\u021bie<\/strong><\/p>\n<p><img class=\"aligncenter wp-image-1652 size-full\" src=\"https:\/\/www.practeh.tuiasi.ro\/wp-content\/uploads\/2020\/11\/Etapa-2.jpg\" alt=\"\" width=\"100%\" srcset=\"https:\/\/www.practeh.tuiasi.ro\/wp-content\/uploads\/2020\/11\/Etapa-2.jpg 990w, https:\/\/www.practeh.tuiasi.ro\/wp-content\/uploads\/2020\/11\/Etapa-2-300x72.jpg 300w, https:\/\/www.practeh.tuiasi.ro\/wp-content\/uploads\/2020\/11\/Etapa-2-768x185.jpg 768w\" sizes=\"(max-width: 990px) 100vw, 990px\" \/><\/p>\n<\/div><\/div><\/div><\/div><\/div><div class=\"vc_col-sm-2 wpb_column vc_column_container\"><div class=\"vc_column-inner\"><div class=\"wpb_wrapper\"><\/div><\/div><\/div><\/div><\/div><\/section>\n","protected":false},"excerpt":{"rendered":"Grup \u021bint\u0103Grupul \u021bint\u0103 specific al proiectului este reprezentat de un num\u0103r de 330 studen\u021bi, de la Universitatea Tehnic\u0103 \u201eGheorghe Asachi\u201d din Ia\u0219i, \u00eenmatricula\u021bi la programul de licen\u021b\u0103, \u00een anii al III-lea \u0219i al IV-lea de studiu, de la urm\u0103toarele facult\u0103\u021bi: Facultatea de Automatic\u0103 \u0219i Calculatoare Facultatea de Inginerie Chimic\u0103 \u0219i Protec\u021bia Mediului \u201eCristofor Simionescu\u201d Facultatea...","protected":false},"author":8,"featured_media":0,"parent":0,"menu_order":0,"comment_status":"closed","ping_status":"closed","template":"","meta":[],"_links":{"self":[{"href":"https:\/\/www.practeh.tuiasi.ro\/index.php?rest_route=\/wp\/v2\/pages\/86"}],"collection":[{"href":"https:\/\/www.practeh.tuiasi.ro\/index.php?rest_route=\/wp\/v2\/pages"}],"about":[{"href":"https:\/\/www.practeh.tuiasi.ro\/index.php?rest_route=\/wp\/v2\/types\/page"}],"author":[{"embeddable":true,"href":"https:\/\/www.practeh.tuiasi.ro\/index.php?rest_route=\/wp\/v2\/users\/8"}],"replies":[{"embeddable":true,"href":"https:\/\/www.practeh.tuiasi.ro\/index.php?rest_route=%2Fwp%2Fv2%2Fcomments&post=86"}],"version-history":[{"count":86,"href":"https:\/\/www.practeh.tuiasi.ro\/index.php?rest_route=\/wp\/v2\/pages\/86\/revisions"}],"predecessor-version":[{"id":2411,"href":"https:\/\/www.practeh.tuiasi.ro\/index.php?rest_route=\/wp\/v2\/pages\/86\/revisions\/2411"}],"wp:attachment":[{"href":"https:\/\/www.practeh.tuiasi.ro\/index.php?rest_route=%2Fwp%2Fv2%2Fmedia&parent=86"}],"curies":[{"name":"wp","href":"https:\/\/api.w.org\/{rel}","templated":true}]}}