{"id":92,"date":"2020-10-17T10:29:16","date_gmt":"2020-10-17T10:29:16","guid":{"rendered":"https:\/\/www.practeh.tuiasi.ro\/?page_id=92"},"modified":"2021-10-10T15:19:56","modified_gmt":"2021-10-10T12:19:56","slug":"contact","status":"publish","type":"page","link":"https:\/\/www.practeh.tuiasi.ro\/?page_id=92","title":{"rendered":"Contact"},"content":{"rendered":"<section class=\"l-section wpb_row height_medium with_img with_overlay\"><div class=\"l-section-img\" style=\"background-image: url(https:\/\/www.practeh.tuiasi.ro\/wp-content\/uploads\/2020\/11\/studenti-1.png);\" data-img-width=\"1920\" data-img-height=\"1280\"><\/div><div class=\"l-section-overlay\" style=\"background: linear-gradient(135deg,rgba(0,51,191,0.90),rgba(87,213,255,0.90))\"><\/div><div class=\"l-section-h i-cf\"><div class=\"g-cols vc_row type_default valign_top\"><div class=\"vc_col-sm-12 wpb_column vc_column_container\"><div class=\"vc_column-inner\"><div class=\"wpb_wrapper\"><div class=\"w-separator size_large\"><\/div><div class=\"w-text us_custom_e1b1c97a has_text_color\"><span class=\"w-text-h\"><span class=\"w-text-value\">Contact<\/span><\/span><\/div><div class=\"w-separator size_large\"><\/div><\/div><\/div><\/div><\/div><\/div><\/section><section class=\"l-section wpb_row us_custom_53095a6a height_medium width_full\"><div class=\"l-section-h i-cf\"><div class=\"g-cols vc_row type_default valign_middle\"><div class=\"vc_col-sm-12 wpb_column vc_column_container\"><div class=\"vc_column-inner\"><div class=\"wpb_wrapper\"><div class=\"wpb_text_column\" ><div class=\"wpb_wrapper\"><table width=\"450\">\n<tbody>\n<tr>\n<td style=\"text-align: center;\" width=\"100\"><strong>Nume \u0219i prenume<\/strong><\/td>\n<td style=\"text-align: center;\" width=\"100\"><strong>Func\u021bie \u00een proiect<\/strong><\/td>\n<td style=\"text-align: center;\" width=\"100\"><strong>Facultatea<\/strong><\/td>\n<td width=\"100\">\n<p style=\"text-align: center;\"><strong>E-mail<\/strong><\/p>\n<\/td>\n<\/tr>\n<tr>\n<td width=\"120\">\n<p style=\"text-align: center;\">\u0218ef lucr. dr. ing. Florin Ostafi<\/p>\n<\/td>\n<td style=\"text-align: center;\" width=\"100\">Expert grup \u021bint\u0103 studen\u021bi \u0219i angajabilitate<\/td>\n<td style=\"text-align: center;\" width=\"100\">Automatic\u0103 \u0219i Calculatoare<\/td>\n<td style=\"text-align: center;\" width=\"100\">fostafi@ac.tuiasi.ro<\/td>\n<\/tr>\n<tr>\n<td width=\"100\">\n<p style=\"text-align: center;\">\u0218ef lucr. dr. bioing. Lenu\u021ba Kloetzer<\/p>\n<\/td>\n<td style=\"text-align: center;\" width=\"100\">Expert grup \u021bint\u0103 studen\u021bi \u0219i angajabilitate<\/td>\n<td style=\"text-align: center;\" width=\"100\">Inginerie Chimic\u0103 \u0219i Protec\u021bia Mediului \u00a0\u201eCristofor Simionescu\u201d<\/td>\n<td width=\"100\">\n<p style=\"text-align: center;\">lkloetzer@ch.tuiasi.ro<\/p>\n<\/td>\n<\/tr>\n<tr>\n<td width=\"100\">\n<p style=\"text-align: center;\">\u0218ef.lucr.dr.ing. Silviu-Cristina Iriciuc<\/p>\n<\/td>\n<td style=\"text-align: center;\" width=\"100\">Expert grup \u021bint\u0103 studen\u021bi \u0219i angajabilitate<\/td>\n<td style=\"text-align: center;\" width=\"100\">Construc\u021bii \u0219i Instala\u021bii<\/td>\n<td width=\"100\">\n<p style=\"text-align: center;\">silviu-cristian.iriciuc@academic.tuiasi.ro<\/p>\n<\/td>\n<\/tr>\n<tr>\n<td width=\"120\">\n<p style=\"text-align: center;\">\u0218ef lucr. dr. ing. Petre-Daniel M\u0103t\u0103saru<\/p>\n<\/td>\n<td style=\"text-align: center;\" width=\"100\">Expert grup \u021bint\u0103 studen\u021bi \u0219i angajabilitate<\/td>\n<td style=\"text-align: center;\" width=\"100\">Electronic\u0103 \u0219i Tehnologia Informa\u021biei<\/td>\n<td width=\"100\">\n<p style=\"text-align: center;\">dmatasaru@etti.tuiasi.ro<\/p>\n<\/td>\n<\/tr>\n<tr>\n<td width=\"100\">\n<p style=\"text-align: center;\">Conf. univ. dr. ing. Sebastian-Teodor Ar\u0103doaei<\/p>\n<\/td>\n<td style=\"text-align: center;\" width=\"100\">Expert grup \u021bint\u0103 studen\u021bi \u0219i angajabilitate<\/td>\n<td style=\"text-align: center;\" width=\"100\">Inginerie Electric\u0103, Energetic\u0103 \u0219i Informatic\u0103 Aplicat\u0103<\/td>\n<td width=\"100\">\n<p style=\"text-align: center;\">arsete@ee.tuiasi.ro<\/p>\n<\/td>\n<\/tr>\n<tr>\n<td width=\"100\">\n<p style=\"text-align: center;\">\u0218ef lucr\u0103ri dr. ing. Marius Teli\u0219c\u0103<\/p>\n<\/td>\n<td style=\"text-align: center;\" width=\"100\">Expert grup \u021bint\u0103 studen\u021bi \u0219i angajabilitate<\/td>\n<td style=\"text-align: center;\" width=\"100\">Hidrotehnic\u0103, Geodezie \u015fi Ingineria Mediului<\/td>\n<td width=\"100\">\n<p style=\"text-align: center;\">marius_tel@yahoo.com<\/p>\n<\/td>\n<\/tr>\n<tr>\n<td style=\"text-align: center;\" width=\"100\">Conf. dr. ing. Bogdan Istrate<\/td>\n<td style=\"text-align: center;\" width=\"100\">Expert grup \u021bint\u0103 studen\u021bi \u0219i angajabilitate<\/td>\n<td style=\"text-align: center;\" width=\"100\">Mecanic\u0103<\/td>\n<td width=\"100\">\n<p style=\"text-align: center;\">bogdan.istrate@academic.tuiasi.ro<\/p>\n<\/td>\n<\/tr>\n<tr>\n<td style=\"text-align: center;\" width=\"100\">\u0218ef lucr. dr. ing. Daniela-Lucia Chicet<\/td>\n<td style=\"text-align: center;\" width=\"100\">Expert grup \u021bint\u0103 studen\u021bi \u0219i angajabilitate<\/td>\n<td style=\"text-align: center;\" width=\"100\">\u015etiin\u0163a \u015fi Ingineria Materialelor<\/td>\n<td width=\"100\">\n<p style=\"text-align: center;\">dchicet@tuiasi.ro<\/p>\n<\/td>\n<\/tr>\n<tr>\n<td width=\"100\">\n<p style=\"text-align: center;\">\u0218ef lucr. dr. arh. C\u0103lin-Gabriel Corduban<\/p>\n<\/td>\n<td style=\"text-align: center;\" width=\"100\">Expert grup \u021bint\u0103 studen\u021bi \u0219i angajabilitate<\/td>\n<td style=\"text-align: center;\" width=\"100\">Arhitectur\u0103 \u201eG. M. Cantacuzino\u201d<\/td>\n<td width=\"100\">\n<p style=\"text-align: center;\">calin-gabriel.corduban@academic.tuiasi.ro<\/p>\n<\/td>\n<\/tr>\n<tr>\n<td style=\"text-align: center;\" width=\"100\">Dr. ing. Cornelia Murariu<\/td>\n<td style=\"text-align: center;\" width=\"100\">Expert grup \u021bint\u0103 studen\u021bi \u0219i angajabilitate<\/td>\n<td style=\"text-align: center;\" width=\"100\">Prorectorat Rala\u021bia cu Studen\u021bii<\/td>\n<td width=\"100\">\n<p style=\"text-align: center;\">cmurariu@tuiasi.ro<\/p>\n<\/td>\n<\/tr>\n<tr>\n<td style=\"text-align: center;\" width=\"100\">Conf. univ. dr. Lidia Gaiginschi<\/td>\n<td style=\"text-align: center;\" width=\"100\">Manager de proiect<\/td>\n<td style=\"text-align: center;\" width=\"100\">Mecanic\u0103<\/td>\n<td style=\"text-align: center;\" width=\"100\">lidia.gaiginschi@academic.tuiasi.ro<\/td>\n<\/tr>\n<\/tbody>\n<\/table>\n<\/div><\/div><\/div><\/div><\/div><\/div><\/div><\/section>\n","protected":false},"excerpt":{"rendered":"Contact Nume \u0219i prenume Func\u021bie \u00een proiect Facultatea E-mail \u0218ef lucr. dr. ing. Florin Ostafi Expert grup \u021bint\u0103 studen\u021bi \u0219i angajabilitate Automatic\u0103 \u0219i Calculatoare fostafi@ac.tuiasi.ro \u0218ef lucr. dr. bioing. Lenu\u021ba Kloetzer Expert grup \u021bint\u0103 studen\u021bi \u0219i angajabilitate Inginerie Chimic\u0103 \u0219i Protec\u021bia Mediului \u00a0\u201eCristofor Simionescu\u201d lkloetzer@ch.tuiasi.ro \u0218ef.lucr.dr.ing. Silviu-Cristina Iriciuc Expert grup \u021bint\u0103 studen\u021bi \u0219i angajabilitate Construc\u021bii...","protected":false},"author":8,"featured_media":0,"parent":0,"menu_order":0,"comment_status":"closed","ping_status":"closed","template":"","meta":[],"_links":{"self":[{"href":"https:\/\/www.practeh.tuiasi.ro\/index.php?rest_route=\/wp\/v2\/pages\/92"}],"collection":[{"href":"https:\/\/www.practeh.tuiasi.ro\/index.php?rest_route=\/wp\/v2\/pages"}],"about":[{"href":"https:\/\/www.practeh.tuiasi.ro\/index.php?rest_route=\/wp\/v2\/types\/page"}],"author":[{"embeddable":true,"href":"https:\/\/www.practeh.tuiasi.ro\/index.php?rest_route=\/wp\/v2\/users\/8"}],"replies":[{"embeddable":true,"href":"https:\/\/www.practeh.tuiasi.ro\/index.php?rest_route=%2Fwp%2Fv2%2Fcomments&post=92"}],"version-history":[{"count":30,"href":"https:\/\/www.practeh.tuiasi.ro\/index.php?rest_route=\/wp\/v2\/pages\/92\/revisions"}],"predecessor-version":[{"id":2923,"href":"https:\/\/www.practeh.tuiasi.ro\/index.php?rest_route=\/wp\/v2\/pages\/92\/revisions\/2923"}],"wp:attachment":[{"href":"https:\/\/www.practeh.tuiasi.ro\/index.php?rest_route=%2Fwp%2Fv2%2Fmedia&parent=92"}],"curies":[{"name":"wp","href":"https:\/\/api.w.org\/{rel}","templated":true}]}}